{"id":11089,"date":"2021-03-29T00:11:37","date_gmt":"2021-03-28T22:11:37","guid":{"rendered":"https:\/\/anciensmeteos.info\/?page_id=11089"},"modified":"2024-03-12T14:17:56","modified_gmt":"2024-03-12T13:17:56","slug":"choix-de-la-recherche-des-aec","status":"publish","type":"page","link":"https:\/\/anciensmeteos.info\/?page_id=11089","title":{"rendered":"Choix de la recherche des AEC"},"content":{"rendered":"<p><a class=\"maxbutton-63 maxbutton\" href=\"https:\/\/anciensmeteos.info\/?page_id=15345\"><span class='mb-text'>Recherche par initiales auteurs<\/span><\/a>\u00a0 <span style=\"color: #ff6600; font-family: tahoma, arial, helvetica, sans-serif;\"><b><i>Les articles AEC par les initiales de l&rsquo;auteur<\/i><\/b><\/span><\/p>\n<p><a class=\"maxbutton-64 maxbutton\" title=\"Extraits de la revue AEC des voyages annuels et des AG et s\u00e9jours assci\u00e9s sont en page adh\u00e9rents\" href=\"https:\/\/anciensmeteos.info\/?page_id=2512\"><span class='mb-text'>Recherche voyages et AG<\/span><\/a>\u00a0 <span style=\"color: #ff6600;\"><em><strong>Extraits de la revue AEC les voyages et les AG s\u00e9jours associ\u00e9s<\/strong><\/em><\/span><\/p>\n<p><a class=\"maxbutton-101 maxbutton\" title=\"Recherche AEC par n\u00b0 complet\" href=\"https:\/\/anciensmeteos.info\/?page_id=18957\"><span class='mb-text'>Recherche AEC par n\u00b0 complet<\/span><\/a> <span style=\"color: #ff6600;\"><strong>AEC par num\u00e9ro complet<\/strong><\/span><\/p>\n<p><a class=\"maxbutton-100 maxbutton\" href=\"https:\/\/anciensmeteos.info\/?page_id=17130\"><span class='mb-text'>Recherche d&#039;un article par n\u00b0<\/span><\/a>\u00a0 <span style=\"color: #ff0000;\"><em><strong>Un<\/strong><\/em><\/span><span style=\"color: #ff9900;\"><em><strong><span style=\"color: #ff0000;\"> ou plusieurs articles du<b><i> num\u00e9ro <\/i><\/b><\/span><\/strong><\/em><\/span><b><i><br \/>\n<\/i><\/b><\/p>\n<p><a class=\"maxbutton-65 maxbutton\" href=\"https:\/\/anciensmeteos.info\/?page_id=20441\"><span class='mb-text'>Recherche AEC par ann\u00e9e<\/span><\/a>\u00a0 <span style=\"color: #ff6600;\"><em><strong>Tous les articles de l&rsquo;<\/strong><\/em><\/span><span style=\"color: #ff6600; font-family: tahoma, arial, helvetica, sans-serif;\"><b><i>\u00a0ann\u00e9e<\/i><\/b><\/span><\/p>\n<p><a class=\"maxbutton-66 maxbutton\" href=\"https:\/\/anciensmeteos.info\/?page_id=8411\"><span class='mb-text'>Num\u00e9ros sp\u00e9ciaux AEC<\/span><\/a>\u00a0 <span style=\"color: #ff6600; font-family: tahoma, arial, helvetica, sans-serif;\"><b><i>Les AEC par n\u00b0 sp\u00e9ciaux &#8211; num\u00e9ros complets<\/i><\/b><\/span><\/p>\n<p><a class=\"maxbutton-76 maxbutton\" href=\"https:\/\/anciensmeteos.info\/?page_id=20948\"><span class='mb-text'>Mot cl\u00e9 personnalis\u00e9<\/span><\/a>\u00a0 <span style=\"color: #ff6600; font-family: tahoma, arial, helvetica, sans-serif;\"><b><i>Les AEC par mot personnalis\u00e9 et \u00e0 partir d&rsquo;une ann\u00e9e &gt;=1953 \u00ab\u00a0nouveau\u00a0\u00bb\u00a0<\/i><\/b><\/span><\/p>\n<p>&nbsp;<\/p>\n","protected":false},"excerpt":{"rendered":"<p>\u00a0 Les articles AEC par les initiales de l&rsquo;auteur \u00a0 Extraits de la revue AEC les voyages et les AG s\u00e9jours associ\u00e9s AEC par num\u00e9ro complet \u00a0 Un ou plusieurs articles du num\u00e9ro \u00a0 Tous les articles de l&rsquo;\u00a0ann\u00e9e \u00a0 Les AEC par n\u00b0 sp\u00e9ciaux &#8211; num\u00e9ros complets \u00a0 Les AEC par mot personnalis\u00e9 et &hellip; <a href=\"https:\/\/anciensmeteos.info\/?page_id=11089\" class=\"more-link\">Continuer la lecture<span class=\"screen-reader-text\"> de &laquo;&nbsp;Choix de la recherche des AEC&nbsp;&raquo;<\/span><\/a><\/p>\n","protected":false},"author":1,"featured_media":0,"parent":0,"menu_order":0,"comment_status":"closed","ping_status":"closed","template":"","meta":{"_crdt_document":"","footnotes":""},"class_list":["post-11089","page","type-page","status-publish","hentry"],"_links":{"self":[{"href":"https:\/\/anciensmeteos.info\/index.php?rest_route=\/wp\/v2\/pages\/11089","targetHints":{"allow":["GET"]}}],"collection":[{"href":"https:\/\/anciensmeteos.info\/index.php?rest_route=\/wp\/v2\/pages"}],"about":[{"href":"https:\/\/anciensmeteos.info\/index.php?rest_route=\/wp\/v2\/types\/page"}],"author":[{"embeddable":true,"href":"https:\/\/anciensmeteos.info\/index.php?rest_route=\/wp\/v2\/users\/1"}],"replies":[{"embeddable":true,"href":"https:\/\/anciensmeteos.info\/index.php?rest_route=%2Fwp%2Fv2%2Fcomments&post=11089"}],"version-history":[{"count":0,"href":"https:\/\/anciensmeteos.info\/index.php?rest_route=\/wp\/v2\/pages\/11089\/revisions"}],"wp:attachment":[{"href":"https:\/\/anciensmeteos.info\/index.php?rest_route=%2Fwp%2Fv2%2Fmedia&parent=11089"}],"curies":[{"name":"wp","href":"https:\/\/api.w.org\/{rel}","templated":true}]}}