{"id":11391,"date":"2021-05-08T18:37:30","date_gmt":"2021-05-08T16:37:30","guid":{"rendered":"https:\/\/anciensmeteos.info\/?page_id=11391"},"modified":"2022-08-26T13:35:00","modified_gmt":"2022-08-26T11:35:00","slug":"page-zone-recherche","status":"publish","type":"page","link":"https:\/\/anciensmeteos.info\/?page_id=11391","title":{"rendered":"Articles AEC"},"content":{"rendered":"<p style=\"text-align: center;\"><span style=\"color: #993366;\"><strong>Recherche par mot cl\u00e9 \u00e0 choisir des articles AEC version 1.0 13 mai 2021.<\/strong><\/span><\/p>\n<p> <strong><span style=\"color: #ff6600;\">P\u00e9riode sup\u00e9rieure \u00e0 2006<\/span><\/strong><\/p>\n<p> <strong><span style=\"color: #ff6600;\">P\u00e9riode 1996 \u00e0 2005<\/span><\/strong><\/p>\n<p> <strong><span style=\"color: #ff6600;\">P\u00e9riode 1986 \u00e0 1995<\/span><\/strong><\/p>\n<p> <strong><span style=\"color: #ff6600;\">P\u00e9riode 1976 \u00e0 1985<\/span><\/strong><\/p>\n<p> <strong><span style=\"color: #ff6600;\">P\u00e9riode 1966 \u00e0 1975<\/span><\/strong><\/p>\n<p> <strong><span style=\"color: #ff6600;\">P\u00e9riode 1953 \u00e0 1965<\/span><\/strong><\/p>\n<p> <span style=\"color: #ff6600;\"><strong>Sur l&rsquo;ensemble de la p\u00e9riode<span style=\"color: #ff6600;\"> ann\u00e9e &gt;=1953<\/span><\/strong><\/span><\/p>\n","protected":false},"excerpt":{"rendered":"<p>Recherche par mot cl\u00e9 \u00e0 choisir des articles AEC version 1.0 13 mai 2021. P\u00e9riode sup\u00e9rieure \u00e0 2006 P\u00e9riode 1996 \u00e0 2005 P\u00e9riode 1986 \u00e0 1995 P\u00e9riode 1976 \u00e0 1985 P\u00e9riode 1966 \u00e0 1975 P\u00e9riode 1953 \u00e0 1965 Sur l&rsquo;ensemble de la p\u00e9riode ann\u00e9e &gt;=1953<\/p>\n","protected":false},"author":1,"featured_media":0,"parent":0,"menu_order":0,"comment_status":"closed","ping_status":"closed","template":"","meta":{"_crdt_document":"","footnotes":""},"class_list":["post-11391","page","type-page","status-publish","hentry"],"_links":{"self":[{"href":"https:\/\/anciensmeteos.info\/index.php?rest_route=\/wp\/v2\/pages\/11391","targetHints":{"allow":["GET"]}}],"collection":[{"href":"https:\/\/anciensmeteos.info\/index.php?rest_route=\/wp\/v2\/pages"}],"about":[{"href":"https:\/\/anciensmeteos.info\/index.php?rest_route=\/wp\/v2\/types\/page"}],"author":[{"embeddable":true,"href":"https:\/\/anciensmeteos.info\/index.php?rest_route=\/wp\/v2\/users\/1"}],"replies":[{"embeddable":true,"href":"https:\/\/anciensmeteos.info\/index.php?rest_route=%2Fwp%2Fv2%2Fcomments&post=11391"}],"version-history":[{"count":0,"href":"https:\/\/anciensmeteos.info\/index.php?rest_route=\/wp\/v2\/pages\/11391\/revisions"}],"wp:attachment":[{"href":"https:\/\/anciensmeteos.info\/index.php?rest_route=%2Fwp%2Fv2%2Fmedia&parent=11391"}],"curies":[{"name":"wp","href":"https:\/\/api.w.org\/{rel}","templated":true}]}}