{"id":221,"date":"2018-05-27T00:03:49","date_gmt":"2018-05-26T22:03:49","guid":{"rendered":"http:\/\/anciensmbh.cluster026.hosting.ovh.net\/?page_id=221"},"modified":"2023-05-09T22:42:34","modified_gmt":"2023-05-09T20:42:34","slug":"revues-aec","status":"publish","type":"page","link":"https:\/\/anciensmeteos.info\/?page_id=221","title":{"rendered":"Revues arc en ciel"},"content":{"rendered":"<p><span style=\"font-size: 12pt;\">L&rsquo;association \u00e9dite une revue, appel\u00e9e \u00ab\u00a0arc en ciel\u00a0\u00bb (AEC), 3 fois par an en moyenne, avec certaines ann\u00e9es un num\u00e9ro sp\u00e9cial en suppl\u00e9ment. Cette revue contient \u00e0 la fois des articles sur les activit\u00e9s de l&rsquo;association, mais aussi des articles d&rsquo;int\u00e9r\u00eat g\u00e9n\u00e9ral sur la m\u00e9t\u00e9orologie.<\/span><br \/>\n<span style=\"font-size: 12pt;\">Au fil des ann\u00e9es, la qualit\u00e9 des num\u00e9ros a suivi l\u2019\u00e9volution des produits informatiques du quotidien, c\u2019est pourquoi les derniers num\u00e9ros sont publi\u00e9s dans un format haute d\u00e9finition, pour une meilleure lecture et un t\u00e9l\u00e9chargement de qualit\u00e9 au format .pdf.<\/span><\/p>\n<p><span style=\"font-size: 12pt;\"><span style=\"font-family: tahoma,arial,helvetica,sans-serif;\">Tous les num\u00e9ros de la revue \u00ab\u00a0arc en ciel\u00a0\u00bb num\u00e9ris\u00e9s sont en acc\u00e8s libre et le m<\/span>ode d&#8217;emploi des recherches est ici : <a href=\"https:\/\/anciensmeteos.info\/?p=11710\">\u00ab\u00a0comment faire une recherche\u00a0\u00bb.<\/a><\/span><\/p>\n<p><span style=\"font-family: tahoma, arial, helvetica, sans-serif; font-size: 12pt;\">Les revues AEC de l\u2019AAM ont \u00e9t\u00e9 num\u00e9ris\u00e9es du n\u00b0 1 au dernier num\u00e9ro publi\u00e9, avec cependant quelques lacunes dans la s\u00e9rie (les n\u00b02, 3, 4, 5, 15, 22, 26, 27 et 40 sont manquants).<\/span><\/p>\n<p><span style=\"font-size: 12pt;\"><strong>Important<\/strong> : si le t\u00e9l\u00e9chargement est autoris\u00e9, toute reproduction partielle ou int\u00e9grale d\u2019un article doit mentionner la source, c\u2019est \u00e0 dire : \u00ab <strong>Revue arc en ciel \u2013 <\/strong><strong>Association des Anciens de la M\u00e9t\u00e9orologie, tous droits r\u00e9serv\u00e9s<\/strong> \u00bb.<\/span><\/p>\n<p><span style=\"font-family: tahoma, arial, helvetica, sans-serif; font-size: 12pt;\">A noter que pour acc\u00e9der aux num\u00e9ros de l\u2019ann\u00e9e en cours, il suffit d&rsquo;aller sur la page des <a href=\"https:\/\/anciensmeteos.info\/?p=13422\"><strong>derniers AEC<\/strong><\/a><strong>.\u00a0<\/strong><\/span><\/p>\n<p><span style=\"font-family: tahoma, arial, helvetica, sans-serif; font-size: 12pt;\">Enfin, si vous d\u00e9sirez obtenir un ou plusieurs articles particuliers, vous pouvez adresser une demande par courriel \u00e0 <\/span><span style=\"font-size: 12pt;\"><strong><span style=\"font-family: tahoma,arial,helvetica,sans-serif;\"><a href=\"mailto:anciensmeteos@gmail.com\" rel=\"noopener noreferrer\">notre adresse de contact.<\/a><\/span><\/strong><\/span><\/p>\n<p>&nbsp;<\/p>\n","protected":false},"excerpt":{"rendered":"<p>L&rsquo;association \u00e9dite une revue, appel\u00e9e \u00ab\u00a0arc en ciel\u00a0\u00bb (AEC), 3 fois par an en moyenne, avec certaines ann\u00e9es un num\u00e9ro sp\u00e9cial en suppl\u00e9ment. Cette revue contient \u00e0 la fois des articles sur les activit\u00e9s de l&rsquo;association, mais aussi des articles d&rsquo;int\u00e9r\u00eat g\u00e9n\u00e9ral sur la m\u00e9t\u00e9orologie. Au fil des ann\u00e9es, la qualit\u00e9 des num\u00e9ros a suivi &hellip; <a href=\"https:\/\/anciensmeteos.info\/?page_id=221\" class=\"more-link\">Continuer la lecture<span class=\"screen-reader-text\"> de &laquo;&nbsp;Revues arc en ciel&nbsp;&raquo;<\/span><\/a><\/p>\n","protected":false},"author":1,"featured_media":0,"parent":0,"menu_order":0,"comment_status":"closed","ping_status":"closed","template":"","meta":{"_crdt_document":"","footnotes":""},"class_list":["post-221","page","type-page","status-publish","hentry"],"_links":{"self":[{"href":"https:\/\/anciensmeteos.info\/index.php?rest_route=\/wp\/v2\/pages\/221","targetHints":{"allow":["GET"]}}],"collection":[{"href":"https:\/\/anciensmeteos.info\/index.php?rest_route=\/wp\/v2\/pages"}],"about":[{"href":"https:\/\/anciensmeteos.info\/index.php?rest_route=\/wp\/v2\/types\/page"}],"author":[{"embeddable":true,"href":"https:\/\/anciensmeteos.info\/index.php?rest_route=\/wp\/v2\/users\/1"}],"replies":[{"embeddable":true,"href":"https:\/\/anciensmeteos.info\/index.php?rest_route=%2Fwp%2Fv2%2Fcomments&post=221"}],"version-history":[{"count":0,"href":"https:\/\/anciensmeteos.info\/index.php?rest_route=\/wp\/v2\/pages\/221\/revisions"}],"wp:attachment":[{"href":"https:\/\/anciensmeteos.info\/index.php?rest_route=%2Fwp%2Fv2%2Fmedia&parent=221"}],"curies":[{"name":"wp","href":"https:\/\/api.w.org\/{rel}","templated":true}]}}