{"id":225,"date":"2018-05-27T00:03:49","date_gmt":"2018-05-26T22:03:49","guid":{"rendered":"http:\/\/anciensmbh.cluster026.hosting.ovh.net\/?page_id=225"},"modified":"2022-03-28T16:16:30","modified_gmt":"2022-03-28T14:16:30","slug":"obs-previ-climat","status":"publish","type":"page","link":"https:\/\/anciensmeteos.info\/?page_id=225","title":{"rendered":"Obs. Pr\u00e9vi. Climat"},"content":{"rendered":"<p><strong>Introduction \u00e0 l&rsquo;onglet \u00ab\u00a0Observation \u2013 Pr\u00e9vision &#8211; Climat\u00a0\u00bb du site AAM<\/strong><\/p>\n<p>Les sites web g\u00e9n\u00e9raux de M\u00e9t\u00e9o-France permettent de s&rsquo;informer en temps r\u00e9el de la situation m\u00e9t\u00e9orologique et des pr\u00e9visions pr\u00e9sentant un maximum de d\u00e9tails sur les territoires fran\u00e7ais\u00a0: <a href=\"http:\/\/www.meteo.fr\/\">www.meteo.fr<\/a> ou <a href=\"http:\/\/www.meteofrance.com\/\">www.meteofrance.com<\/a>. Ils donnent aussi beaucoup d&rsquo;information g\u00e9n\u00e9rale sur la m\u00e9t\u00e9orologie et le climat concernant l\u00a0&lsquo;ensemble du globe, cette information \u00e9tant renforc\u00e9e sur l&rsquo;Europe (plus de donn\u00e9es, plus de pr\u00e9cisions) et surtout sur la France.<br \/>\n<!--nextpage--><\/p>\n<p>Le site\u00a0:<\/p>\n<p><a href=\"https:\/\/meteofrance.com\/comprendre-la-meteo\">MF comprendre la m\u00e9t\u00e9o<\/a><\/p>\n<p>a une vocation p\u00e9dagogique, il est bien adapt\u00e9 \u00e0 l&rsquo;enseignement dans les \u00e9coles, coll\u00e8ges et lyc\u00e9es, et pr\u00e9sente toutes les notions de base de la m\u00e9t\u00e9orologie et du climat, sans faire appel \u00e0 des concepts math\u00e9matiques\u00a0 de niveau universitaire. Il est \u00e0 recommander \u00e0 deux types d&rsquo;anciens m\u00e9t\u00e9os\u00a0:<\/p>\n<p>&#8211;\u00a0\u00a0\u00a0\u00a0\u00a0\u00a0\u00a0 ceux qui effectuent occasionnellement des interventions dans les \u00e9tablissements d&rsquo;enseignement.<\/p>\n<p>&#8211;\u00a0\u00a0\u00a0\u00a0\u00a0\u00a0\u00a0 ceux qui souhaitent se ressourcer, n&rsquo;ayant pas eu l&rsquo;occasion de pratiquer depuis longtemps les notions de base de la m\u00e9t\u00e9orologie (ou de se documenter sur l&rsquo;\u00e9volution des connaissances).<\/p>\n<p>Le site\u00a0:<\/p>\n<p><a href=\"https:\/\/www.umr-cnrm.fr\/\">https:\/\/www.umr-cnrm.fr\/<\/a><\/p>\n<p>est le site web du Centre National de la Recherche M\u00e9t\u00e9orologique (CNRM), bas\u00e9 essentiellement sur la m\u00e9t\u00e9opole toulousaine. Le CNRM est un organisme \u00e0 double tutelle, il est \u00e0 la fois l&rsquo;unit\u00e9 de recherche de M\u00e9t\u00e9o-France et un laboratoire du CNRS\u00a0 (Centre National de la Recherche Scientifique). Sur le site web, on trouve un\u00a0 maximum d&rsquo;information sur les recherches m\u00e9t\u00e9orologiques et climatiques effectu\u00e9es en France, avec beaucoup de liens vers les institutions ext\u00e9rieures \u00e0 M\u00e9t\u00e9o-France op\u00e9rant dans les m\u00eames domaines, en particulier vers les organismes internationaux tels que le CEPMMT (Centre Europ\u00e9en de Pr\u00e9vision M\u00e9t\u00e9orologique \u00e0 Moyen Terme), l&rsquo;OMM (Organisation M\u00e9t\u00e9orologique Mondiale) ou encore EUMETSAT (sp\u00e9cialis\u00e9 en observation satellitaire).<\/p>\n<p>L&rsquo;information produite par les services m\u00e9t\u00e9orologiques est parfois relay\u00e9e sur de nombreux sites web maintenus par des particuliers ou des associations qui la rendent accessible \u00e0 tous, sous une forme souvent tr\u00e8s conviviale (avec des outils de visualisation tr\u00e8s efficaces), et parfois adapt\u00e9e \u00e0 certaines applications. Citons\u00a0:<\/p>\n<p>&#8211;\u00a0\u00a0\u00a0\u00a0\u00a0\u00a0\u00a0 <a href=\"https:\/\/www.infoclimat.fr\/\">https:\/\/www.infoclimat.fr\/<\/a>, qui, malgr\u00e9 son nom, ne se limite pas au climat, mais fournit en temps r\u00e9el une excellente pr\u00e9sentation de la situation m\u00e9t\u00e9orologique sur la France m\u00e9tropolitaine ainsi que de la pr\u00e9vision au niveau local.<\/p>\n<p>&#8211;\u00a0\u00a0\u00a0\u00a0\u00a0\u00a0\u00a0 <a href=\"http:\/\/www.meteociel.fr\/\">http:\/\/www.meteociel.fr\/<\/a>, qui fournit les pr\u00e9visions num\u00e9riques en temps r\u00e9el provenant d&rsquo;une vaste palette de mod\u00e8les provenant de divers centres m\u00e9t\u00e9orologiques du monde entier.<\/p>\n","protected":false},"excerpt":{"rendered":"<p>Introduction \u00e0 l&rsquo;onglet \u00ab\u00a0Observation \u2013 Pr\u00e9vision &#8211; Climat\u00a0\u00bb du site AAM Les sites web g\u00e9n\u00e9raux de M\u00e9t\u00e9o-France permettent de s&rsquo;informer en temps r\u00e9el de la situation m\u00e9t\u00e9orologique et des pr\u00e9visions pr\u00e9sentant un maximum de d\u00e9tails sur les territoires fran\u00e7ais\u00a0: www.meteo.fr ou www.meteofrance.com. Ils donnent aussi beaucoup d&rsquo;information g\u00e9n\u00e9rale sur la m\u00e9t\u00e9orologie et le climat concernant &hellip; <a href=\"https:\/\/anciensmeteos.info\/?page_id=225\" class=\"more-link\">Continuer la lecture<span class=\"screen-reader-text\"> de &laquo;&nbsp;Obs. Pr\u00e9vi. Climat&nbsp;&raquo;<\/span><\/a><\/p>\n","protected":false},"author":1,"featured_media":0,"parent":0,"menu_order":0,"comment_status":"closed","ping_status":"closed","template":"","meta":{"_crdt_document":"","footnotes":""},"class_list":["post-225","page","type-page","status-publish","hentry"],"_links":{"self":[{"href":"https:\/\/anciensmeteos.info\/index.php?rest_route=\/wp\/v2\/pages\/225","targetHints":{"allow":["GET"]}}],"collection":[{"href":"https:\/\/anciensmeteos.info\/index.php?rest_route=\/wp\/v2\/pages"}],"about":[{"href":"https:\/\/anciensmeteos.info\/index.php?rest_route=\/wp\/v2\/types\/page"}],"author":[{"embeddable":true,"href":"https:\/\/anciensmeteos.info\/index.php?rest_route=\/wp\/v2\/users\/1"}],"replies":[{"embeddable":true,"href":"https:\/\/anciensmeteos.info\/index.php?rest_route=%2Fwp%2Fv2%2Fcomments&post=225"}],"version-history":[{"count":0,"href":"https:\/\/anciensmeteos.info\/index.php?rest_route=\/wp\/v2\/pages\/225\/revisions"}],"wp:attachment":[{"href":"https:\/\/anciensmeteos.info\/index.php?rest_route=%2Fwp%2Fv2%2Fmedia&parent=225"}],"curies":[{"name":"wp","href":"https:\/\/api.w.org\/{rel}","templated":true}]}}