{"id":239,"date":"2018-05-27T00:07:57","date_gmt":"2018-05-26T22:07:57","guid":{"rendered":"http:\/\/anciensmbh.cluster026.hosting.ovh.net\/?page_id=239"},"modified":"2021-04-16T11:56:32","modified_gmt":"2021-04-16T09:56:32","slug":"livres-sur-histoire-de-la-meteorologie","status":"publish","type":"page","link":"https:\/\/anciensmeteos.info\/?page_id=239","title":{"rendered":"Livres sur l&rsquo;histoire de la M\u00e9t\u00e9orologie"},"content":{"rendered":"<p style=\"text-align: center;\"><span style=\"font-family: tahoma,arial,helvetica,sans-serif; font-size: 10pt;\">Livres sur l\u2019histoire de la m\u00e9t\u00e9orologie<\/span><br \/>\n<span style=\"font-family: tahoma,arial,helvetica,sans-serif; font-size: 10pt;\">(article paru dans \u00ab\u00a0Arc en Ciel\u00a0\u00bb n\u00b0 138)<\/span><\/p>\n<p><span style=\"font-family: tahoma,arial,helvetica,sans-serif; font-size: 10pt;\">Les quelques titres \u00e9nonc\u00e9s ci-apr\u00e8s rassemblent quelques livres dont la plus part se trouvent \u00e0 la biblioth\u00e8que de M\u00e9t\u00e9o-France Paris Alma (D2C\/DOC). Ils sont rep\u00e9r\u00e9s par une ast\u00e9risque (*). Cette liste n\u2019a aucune pr\u00e9tention d\u2019\u00eatre exhaustive des livres traitants de l\u2019histoire de la m\u00e9t\u00e9orologie.<\/span><br \/>\n<span style=\"font-family: tahoma,arial,helvetica,sans-serif; font-size: 10pt;\">Trois s\u00e9ries vous sont propos\u00e9es :<\/span><br \/>\n<span style=\"font-family: tahoma,arial,helvetica,sans-serif; font-size: 10pt;\">&#8211; D\u2019abord des livres traitant de l\u2019histoire en g\u00e9n\u00e9ral d\u2019une mani\u00e8re d\u00e9taill\u00e9e.<\/span><br \/>\n<span style=\"font-family: tahoma,arial,helvetica,sans-serif; font-size: 10pt;\">&#8211; Ensuite des livres traitant ce sujet bri\u00e8vement ou partiellement.<\/span><br \/>\n<span style=\"font-family: tahoma,arial,helvetica,sans-serif; font-size: 10pt;\">&#8211; Enfin des livres historiques th\u00e9matiques.<\/span><\/p>\n<p><span style=\"font-size: 10pt;\">Sur le site de M\u00e9t\u00e9o-France &#8211; lien vers la biblioth\u00e8que<\/span> <a href=\"http:\/\/bibliotheque.meteo.fr\/exl-php\/cadcgp.php?CMD=CHERCHE&amp;MODELE=vues\/mf_-_internet_page_accueil\/tpl-q.html&amp;query=1&amp;RECHERCHE=1&amp;&amp;TABLE=ILS_DOC&amp;NOMFONDS=NOMFONDS&amp;NONVALID=\" target=\"_blank\" rel=\"noopener\">Suivre ce lien<\/a><!--more--><\/p>\n<p>1) <strong>Livres historiques sur la m\u00e9t\u00e9orologie <\/strong><\/p>\n<table>\n<tbody>\n<tr>\n<td width=\"109\">\n<h6>Auteur<\/h6>\n<\/td>\n<td width=\"104\"><strong>Editeur <\/strong><\/td>\n<td width=\"47\"><strong>Ann\u00e9e <\/strong><\/td>\n<td width=\"104\"><strong>Collation <\/strong><\/td>\n<td width=\"76\"><strong>Ville <\/strong><\/td>\n<td width=\"265\"><strong>Titre <\/strong><\/td>\n<\/tr>\n<tr>\n<td width=\"109\">DETTWILLER Jacques (*)<\/td>\n<td width=\"104\">M\u00e9t\u00e9orologie nationale<\/td>\n<td width=\"47\">1982<\/td>\n<td width=\"104\">Monographies de la MN N\u00b0 1<\/td>\n<td width=\"76\">Boulogne<\/td>\n<td width=\"265\">Chronologie de quelques \u00e9v\u00e9nements m\u00e9t\u00e9orologiques en France et ailleurs<\/td>\n<\/tr>\n<tr>\n<td width=\"109\">FIERO Alfred<\/td>\n<td width=\"104\">De No\u00ebl<\/td>\n<td width=\"47\">1991<\/td>\n<td width=\"104\"><\/td>\n<td width=\"76\">Paris<\/td>\n<td width=\"265\">Histoire de la m\u00e9t\u00e9orologie<\/td>\n<\/tr>\n<\/tbody>\n<\/table>\n<p>&nbsp;<\/p>\n<table>\n<tbody>\n<tr>\n<td width=\"109\">JAVELLE Jean-Pierre (*)<\/td>\n<td width=\"104\">Delachaud &amp; Niestl\u00e9<\/td>\n<td width=\"47\">2000<\/td>\n<td width=\"104\"><\/td>\n<td width=\"76\"><\/td>\n<td width=\"265\">La m\u00e9t\u00e9orologie du barom\u00e8tre au satellite, mesurer l\u2019atmosph\u00e8re et pr\u00e9voir le temps<\/td>\n<\/tr>\n<tr>\n<td width=\"109\">FRISINGER Howard (*)<\/td>\n<td width=\"104\">American Meteorological Society<\/td>\n<td width=\"47\">1977<\/td>\n<td width=\"104\">Science history publication, Monographie de l\u2019AMS<\/td>\n<td width=\"76\">New-York<\/td>\n<td width=\"265\">The history of meteorology to 1800<\/td>\n<\/tr>\n<tr>\n<td width=\"109\">SCHNEIDER CARIUS Karl (*)<\/td>\n<td width=\"104\">ISDC<\/td>\n<td width=\"47\">1955<\/td>\n<td width=\"104\"><\/td>\n<td width=\"76\">New Delhi<\/td>\n<td width=\"265\">Weather sciences weather research. History of their problems and findings from documents during three thousand years. (traduit de l\u2019allemand)<\/td>\n<\/tr>\n<tr>\n<td width=\"109\">SHAW Napier<\/td>\n<td width=\"104\">University Press<\/td>\n<td width=\"47\">1940<\/td>\n<td width=\"104\"><\/td>\n<td width=\"76\">Cambridge<\/td>\n<td width=\"265\">The drama of weather<\/td>\n<\/tr>\n<\/tbody>\n<\/table>\n<p>&nbsp;<\/p>\n<p><span style=\"color: #000000; font-family: Times New Roman;\">Par ailleurs, la DOC d\u00e9tient un manuscrit de Jean-Louis AUBERGER, esquisse d\u2019une histoire de la m\u00e9t\u00e9orologie, qu\u2019il a d\u00e9pos\u00e9 en 1988. <\/span><\/p>\n<p><!--more--><\/p>\n<p><span style=\"font-size: 10pt;\"><span style=\"font-family: tahoma,arial,helvetica,sans-serif;\">2) Les quelques r\u00e9f\u00e9rences suivantes concernent des ouvrages qui traitent bri\u00e8vement ou en partie de l\u2019histoire de la m\u00e9t\u00e9orologie\u00a0:<\/span> <\/span><\/p>\n<table>\n<tbody>\n<tr>\n<td width=\"106\">\n<h6>Auteur<\/h6>\n<\/td>\n<td width=\"88\"><strong>Editeur <\/strong><\/td>\n<td width=\"59\"><strong>Ann\u00e9e <\/strong><\/td>\n<td width=\"111\"><strong>Collation <\/strong><\/td>\n<td width=\"76\"><strong>Ville <\/strong><\/td>\n<td width=\"265\"><strong>Titre <\/strong><\/td>\n<\/tr>\n<tr>\n<td width=\"106\">\n<h6>CHABOUD Ren\u00e9 (*)<\/h6>\n<\/td>\n<td width=\"88\">Nathan<\/td>\n<td width=\"59\">1993<\/td>\n<td width=\"111\"><\/td>\n<td width=\"76\">Paris<\/td>\n<td width=\"265\">La m\u00e9t\u00e9o question de temps<\/td>\n<\/tr>\n<tr>\n<td width=\"106\">\n<h6>ALLEN Olivier E. (*)<\/h6>\n<\/td>\n<td width=\"88\">Time Life<\/td>\n<td width=\"59\">1987<\/td>\n<td width=\"111\">La plan\u00e8te terre (3\u00e8 \u00e9dition)<\/td>\n<td width=\"76\">Amsterdam<\/td>\n<td width=\"265\">L\u2019atmosph\u00e8re<\/td>\n<\/tr>\n<tr>\n<td width=\"106\">\n<h6>MASSAIN Robert<\/h6>\n<\/td>\n<td width=\"88\">Magnard<\/td>\n<td width=\"59\">1979<\/td>\n<td width=\"111\"><\/td>\n<td width=\"76\">Paris<\/td>\n<td width=\"265\">Physique et physiciens<\/td>\n<\/tr>\n<tr>\n<td width=\"106\">\n<h6>BESSEMOULIN Jean (*)<\/h6>\n<\/td>\n<td width=\"88\">Plon<\/td>\n<td width=\"59\">1957<\/td>\n<td width=\"111\"><\/td>\n<td width=\"76\"><\/td>\n<td width=\"265\">Vents, nuages et temp\u00eates<\/td>\n<\/tr>\n<tr>\n<td width=\"106\">\n<h6>DETTWILLER Jacques (*)<\/h6>\n<\/td>\n<td width=\"88\">M\u00e9t\u00e9orologie Nationale<\/td>\n<td width=\"59\">1978<\/td>\n<td width=\"111\">La M\u00e9t\u00e9orologie VI \u00e8 s\u00e9rie N\u00b0 12, pages 149-171<\/td>\n<td width=\"76\">Boulogne<\/td>\n<td width=\"265\">Le Verrier et la naissance de la m\u00e9t\u00e9orologie moderne en France<\/td>\n<\/tr>\n<\/tbody>\n<\/table>\n<p><!--more--><br \/>\n<span style=\"font-family: tahoma,arial,helvetica,sans-serif; font-size: 10pt;\">3) La troisi\u00e8me liste concerne des ouvrages historiques th\u00e9matiques principalement sp\u00e9cialis\u00e9s dans le domaine instrumental. <\/span><\/p>\n<p>&nbsp;<\/p>\n<table>\n<tbody>\n<tr>\n<td width=\"146\">\n<h6>Auteur<\/h6>\n<\/td>\n<td width=\"104\"><strong>Editeur <\/strong><\/td>\n<td width=\"85\"><strong>Ann\u00e9e <\/strong><\/td>\n<td width=\"94\"><strong>Ville <\/strong><\/td>\n<td width=\"274\"><strong>Titre <\/strong><\/td>\n<\/tr>\n<tr>\n<td width=\"146\">\n<h6>MIDDLETON William Edgard Knowles (*)<\/h6>\n<\/td>\n<td width=\"104\">The John Hopkins Press<\/td>\n<td width=\"85\">1966<\/td>\n<td width=\"94\">Baltimore<\/td>\n<td width=\"274\">A history of the thermometer and its use in meteorology<\/td>\n<\/tr>\n<tr>\n<td width=\"146\">\n<h6>MIDDLETON William Edgard Knowles (*)<\/h6>\n<\/td>\n<td width=\"104\">The John Hopkins Press<\/td>\n<td width=\"85\">1964<\/td>\n<td width=\"94\">Baltimore<\/td>\n<td width=\"274\">The history of the barometer<\/td>\n<\/tr>\n<tr>\n<td width=\"146\">\n<h6>MIDDLETON William Edgard Knowles (*)<\/h6>\n<\/td>\n<td width=\"104\">The John Hopkins Press<\/td>\n<td width=\"85\">1969<\/td>\n<td width=\"94\">Baltimore<\/td>\n<td width=\"274\">Invention of the meteorological instruments<\/td>\n<\/tr>\n<tr>\n<td width=\"146\">\n<h6>DAUMAS Maurice<\/h6>\n<\/td>\n<td width=\"104\">PUF<\/td>\n<td width=\"85\">1953<\/td>\n<td width=\"94\">Paris<\/td>\n<td width=\"274\">Les instruments scientifiques au XVII\u00e8 et XVIII\u00e8 si\u00e8cles<\/td>\n<\/tr>\n<tr>\n<td width=\"146\">\n<h6>TURNER Anthony<\/h6>\n<\/td>\n<td width=\"104\">Sotheby\u2019s publications<\/td>\n<td width=\"85\">1987<\/td>\n<td width=\"94\">New York<\/td>\n<td width=\"274\">Early scientifics instruments in Europe 1400 &#8211; 1800<\/td>\n<\/tr>\n<tr>\n<td width=\"146\">\n<h6>NEU F, ABERFELD R (*)<\/h6>\n<\/td>\n<td width=\"104\">Service m\u00e9t\u00e9orologique du Luxembourg<\/td>\n<td width=\"85\">1996<\/td>\n<td width=\"94\">Luxembourg<\/td>\n<td width=\"274\">L\u2019a\u00e9roport du Luxembourg, le service m\u00e9t\u00e9orologique\u00a0: 50 ann\u00e9es d\u2019histoire commune<\/td>\n<\/tr>\n<\/tbody>\n<\/table>\n","protected":false},"excerpt":{"rendered":"<p>Livres sur l\u2019histoire de la m\u00e9t\u00e9orologie (article paru dans \u00ab\u00a0Arc en Ciel\u00a0\u00bb n\u00b0 138) Les quelques titres \u00e9nonc\u00e9s ci-apr\u00e8s rassemblent quelques livres dont la plus part se trouvent \u00e0 la biblioth\u00e8que de M\u00e9t\u00e9o-France Paris Alma (D2C\/DOC). Ils sont rep\u00e9r\u00e9s par une ast\u00e9risque (*). Cette liste n\u2019a aucune pr\u00e9tention d\u2019\u00eatre exhaustive des livres traitants de l\u2019histoire &hellip; <a href=\"https:\/\/anciensmeteos.info\/?page_id=239\" class=\"more-link\">Continuer la lecture<span class=\"screen-reader-text\"> de &laquo;&nbsp;Livres sur l&rsquo;histoire de la M\u00e9t\u00e9orologie&nbsp;&raquo;<\/span><\/a><\/p>\n","protected":false},"author":1,"featured_media":0,"parent":0,"menu_order":0,"comment_status":"closed","ping_status":"closed","template":"","meta":{"_crdt_document":"","footnotes":""},"class_list":["post-239","page","type-page","status-publish","hentry"],"_links":{"self":[{"href":"https:\/\/anciensmeteos.info\/index.php?rest_route=\/wp\/v2\/pages\/239","targetHints":{"allow":["GET"]}}],"collection":[{"href":"https:\/\/anciensmeteos.info\/index.php?rest_route=\/wp\/v2\/pages"}],"about":[{"href":"https:\/\/anciensmeteos.info\/index.php?rest_route=\/wp\/v2\/types\/page"}],"author":[{"embeddable":true,"href":"https:\/\/anciensmeteos.info\/index.php?rest_route=\/wp\/v2\/users\/1"}],"replies":[{"embeddable":true,"href":"https:\/\/anciensmeteos.info\/index.php?rest_route=%2Fwp%2Fv2%2Fcomments&post=239"}],"version-history":[{"count":0,"href":"https:\/\/anciensmeteos.info\/index.php?rest_route=\/wp\/v2\/pages\/239\/revisions"}],"wp:attachment":[{"href":"https:\/\/anciensmeteos.info\/index.php?rest_route=%2Fwp%2Fv2%2Fmedia&parent=239"}],"curies":[{"name":"wp","href":"https:\/\/api.w.org\/{rel}","templated":true}]}}