{"id":2512,"date":"2018-07-02T15:25:15","date_gmt":"2018-07-02T13:25:15","guid":{"rendered":"http:\/\/anciensmbh.cluster026.hosting.ovh.net\/?page_id=2512"},"modified":"2024-12-04T22:32:00","modified_gmt":"2024-12-04T21:32:00","slug":"page-adherents","status":"publish","type":"page","link":"https:\/\/anciensmeteos.info\/?page_id=2512","title":{"rendered":"Page adh\u00e9rents"},"content":{"rendered":"\n<hr class=\"wp-block-separator has-text-color has-alpha-channel-opacity has-background is-style-wide\" style=\"background-color:#0032c8;color:#0032c8\"\/>\n\n\n\n<p class=\"has-dark-gray-color has-text-color has-link-color wp-elements-ba363595bcbc7a78d917f6450a090b4d wp-block-paragraph\" style=\"font-size:25px\"><strong>La page des membres<\/strong><\/p>\n\n\n\n<div class=\"wp-block-columns is-layout-flex wp-container-core-columns-is-layout-8f761849 wp-block-columns-is-layout-flex\">\n<div class=\"wp-block-column is-layout-flow wp-block-column-is-layout-flow\"><a class=\"maxbutton-78 maxbutton maxbutton-souvenirs-de-voyages\" title=\"R\u00e9trospective par voyage\" href=\"https:\/\/anciensmeteos.info\/?page_id=15363\"><span class='mb-text'>Souvenirs de voyages<\/span><\/a>\n\n\n\n<p class=\"has-text-align-left wp-block-paragraph\" style=\"font-size:16px\">R\u00e9trospective de 1995 \u00e0 nos jours, voyage par voyage, <span style=\"color: #000000;\"><strong>en acc\u00e8s r\u00e9serv\u00e9 aux membres<\/strong><\/span>.<\/p>\n<\/div>\n\n\n\n<div class=\"wp-block-column is-layout-flow wp-block-column-is-layout-flow\"><a class=\"maxbutton-97 maxbutton\" href=\"https:\/\/anciensmeteos.info\/?p=20820\"><span class='mb-text'>S\u00e9jours - AG<\/span><\/a>\n\n\n\n<p class=\"has-text-align-left wp-block-paragraph\" style=\"font-size:16px\">S\u00e9jours associ\u00e9s aux AG, de 1995 \u00e0 nos jours, <span style=\"color: #000000;\"><strong>en acc\u00e8s r\u00e9serv\u00e9 aux membres<\/strong><\/span>.<\/p>\n<\/div>\n\n\n\n<div class=\"wp-block-column is-layout-flow wp-block-column-is-layout-flow\"><a class=\"maxbutton-59 maxbutton maxbutton-photos\" target=\"_blank\" title=\"Photos partag\u00e9es avec nos adh\u00e9rents\" rel=\"noopener\" href=\"https:\/\/account.joomeo.com\/login.php?space=anciensmeteos&amp;redirect=http%3A%2F%2Fprivate.joomeo.com%2Fusers%2Fanciensmeteos%2Ffolders&amp;logout=0\"><span class='mb-text'>Photos partag\u00e9es<\/span><\/a>\n\n\n\n<p class=\"has-text-align-left wp-block-paragraph\" style=\"font-size:16px\">Espace partag\u00e9 &#8211; photos, vid\u00e9os, documents,<br><span style=\"color: #000000;\"><strong>acc\u00e8s par JOOMEO<\/strong><\/span> (user et mot de passe \u00e0 demander \u00e0 l&rsquo;AAM)<\/p>\n<\/div>\n<\/div>\n\n\n\n<div class=\"wp-block-columns is-layout-flex wp-container-core-columns-is-layout-8f761849 wp-block-columns-is-layout-flex\">\n<div class=\"wp-block-column is-layout-flow wp-block-column-is-layout-flow\"><a class=\"maxbutton-9 maxbutton maxbutton-les-diapos\" target=\"_blank\" title=\"Diapos\" rel=\"noopener\" href=\"https:\/\/anciensmeteos.info\/?p=14055\"><span class='mb-text'>Les diaporamas<\/span><\/a>\n\n\n\n<p class=\"wp-block-paragraph\" style=\"font-size:16px\">Quelques diaporamas r\u00e9alis\u00e9s \u00e0 l&rsquo;occasion d&rsquo;assembl\u00e9es g\u00e9n\u00e9rales ou de sorties r\u00e9gionales.<\/p>\n<\/div>\n\n\n\n<div class=\"wp-block-column is-layout-flow wp-block-column-is-layout-flow\" style=\"flex-basis:220px\">\n<p class=\"has-text-align-center has-white-color has-text-color has-background has-link-color wp-elements-0af9fe0259aacf64bab82cd7d3109a48 wp-block-paragraph\" style=\"background-color:#ae65ae;font-size:18px;line-height:1.1\"><strong><a href=\"https:\/\/anciensmeteos.info\/?p=18556\">Pour en savoir plus<\/a><\/strong>&#8230;<\/p>\n\n\n\n<p class=\"has-text-align-left wp-block-paragraph\">sur les statuts, le r\u00e8glement int\u00e9rieur, le conseil d&rsquo;administration, le bureau, les d\u00e9l\u00e9gations r\u00e9gionales&#8230;<\/p>\n<\/div>\n\n\n\n<div class=\"wp-block-column is-layout-flow wp-block-column-is-layout-flow\"><a class=\"maxbutton-12 maxbutton maxbutton-deces\" title=\"Rubrique - Divers\" href=\"https:\/\/anciensmeteos.info\/wp-content\/uploads\/deces\/aam_deces.pdf\"><span class='mb-text'>Ils nous ont quitt\u00e9s<\/span><\/a>\n\n\n\n<p class=\"has-text-align-center wp-block-paragraph\" style=\"font-size:16px\">La liste des membres qui nous ont quitt\u00e9s depuis 2015.<\/p>\n<\/div>\n<\/div>\n","protected":false},"excerpt":{"rendered":"<p>La page des membres R\u00e9trospective de 1995 \u00e0 nos jours, voyage par voyage, en acc\u00e8s r\u00e9serv\u00e9 aux membres. S\u00e9jours associ\u00e9s aux AG, de 1995 \u00e0 nos jours, en acc\u00e8s r\u00e9serv\u00e9 aux membres. Espace partag\u00e9 &#8211; photos, vid\u00e9os, documents,acc\u00e8s par JOOMEO (user et mot de passe \u00e0 demander \u00e0 l&rsquo;AAM) Quelques diaporamas r\u00e9alis\u00e9s \u00e0 l&rsquo;occasion d&rsquo;assembl\u00e9es &hellip; <a href=\"https:\/\/anciensmeteos.info\/?page_id=2512\" class=\"more-link\">Continuer la lecture<span class=\"screen-reader-text\"> de &laquo;&nbsp;Page adh\u00e9rents&nbsp;&raquo;<\/span><\/a><\/p>\n","protected":false},"author":1,"featured_media":0,"parent":0,"menu_order":0,"comment_status":"closed","ping_status":"closed","template":"","meta":{"_crdt_document":"","footnotes":""},"class_list":["post-2512","page","type-page","status-publish","hentry"],"_links":{"self":[{"href":"https:\/\/anciensmeteos.info\/index.php?rest_route=\/wp\/v2\/pages\/2512","targetHints":{"allow":["GET"]}}],"collection":[{"href":"https:\/\/anciensmeteos.info\/index.php?rest_route=\/wp\/v2\/pages"}],"about":[{"href":"https:\/\/anciensmeteos.info\/index.php?rest_route=\/wp\/v2\/types\/page"}],"author":[{"embeddable":true,"href":"https:\/\/anciensmeteos.info\/index.php?rest_route=\/wp\/v2\/users\/1"}],"replies":[{"embeddable":true,"href":"https:\/\/anciensmeteos.info\/index.php?rest_route=%2Fwp%2Fv2%2Fcomments&post=2512"}],"version-history":[{"count":3,"href":"https:\/\/anciensmeteos.info\/index.php?rest_route=\/wp\/v2\/pages\/2512\/revisions"}],"predecessor-version":[{"id":20703,"href":"https:\/\/anciensmeteos.info\/index.php?rest_route=\/wp\/v2\/pages\/2512\/revisions\/20703"}],"wp:attachment":[{"href":"https:\/\/anciensmeteos.info\/index.php?rest_route=%2Fwp%2Fv2%2Fmedia&parent=2512"}],"curies":[{"name":"wp","href":"https:\/\/api.w.org\/{rel}","templated":true}]}}