{"id":343,"date":"2018-05-27T10:04:26","date_gmt":"2018-05-27T08:04:26","guid":{"rendered":"http:\/\/anciensmbh.cluster026.hosting.ovh.net\/?page_id=343"},"modified":"2022-01-31T16:47:30","modified_gmt":"2022-01-31T15:47:30","slug":"interventions-ecoles-colleges-et-lycees","status":"publish","type":"page","link":"https:\/\/anciensmeteos.info\/?page_id=343","title":{"rendered":"Interventions \u00e9coles coll\u00e8ges et lyc\u00e9es"},"content":{"rendered":"<a class=\"maxbutton-31 maxbutton maxbutton-construction\" target=\"_blank\" title=\"Mod\u00e8les pr\u00e9vsions M\u00e9t\u00e9o-France\" rel=\"noopener\" href=\"http:\/\/www.meteofrance.fr\/prevoir-le-temps\/la-prevision-du-temps\/les-modeles-de-prevision-de-meteo-france\"><span class='mb-text'>Mod\u00e8les pr\u00e9vsions M\u00e9t\u00e9o-France<\/span><\/a>\n<p>&nbsp;<\/p>\n<p><a class=\"maxbutton-83 maxbutton\" href=\"https:\/\/www.radiomonpais.fr\/images\/audio\/Victor Hugo - M\u00e9t\u00e9o.mp3\"><span class='mb-text'>Ecole Victor Hugo<\/span><\/a>\u00a0 Ecouter en podcast l&rsquo;\u00e9mission des petits CE de l&rsquo;\u00e9cole Victor Hugo<\/p>\n<p>sur Radio Mon Pa\u00efs :<\/p>\n<p>&nbsp;<\/p>\n<p>&nbsp;<\/p>\n","protected":false},"excerpt":{"rendered":"<p>&nbsp; \u00a0 Ecouter en podcast l&rsquo;\u00e9mission des petits CE de l&rsquo;\u00e9cole Victor Hugo sur Radio Mon Pa\u00efs : &nbsp; &nbsp;<\/p>\n","protected":false},"author":1,"featured_media":0,"parent":0,"menu_order":0,"comment_status":"closed","ping_status":"closed","template":"","meta":{"_crdt_document":"","footnotes":""},"class_list":["post-343","page","type-page","status-publish","hentry"],"_links":{"self":[{"href":"https:\/\/anciensmeteos.info\/index.php?rest_route=\/wp\/v2\/pages\/343","targetHints":{"allow":["GET"]}}],"collection":[{"href":"https:\/\/anciensmeteos.info\/index.php?rest_route=\/wp\/v2\/pages"}],"about":[{"href":"https:\/\/anciensmeteos.info\/index.php?rest_route=\/wp\/v2\/types\/page"}],"author":[{"embeddable":true,"href":"https:\/\/anciensmeteos.info\/index.php?rest_route=\/wp\/v2\/users\/1"}],"replies":[{"embeddable":true,"href":"https:\/\/anciensmeteos.info\/index.php?rest_route=%2Fwp%2Fv2%2Fcomments&post=343"}],"version-history":[{"count":0,"href":"https:\/\/anciensmeteos.info\/index.php?rest_route=\/wp\/v2\/pages\/343\/revisions"}],"wp:attachment":[{"href":"https:\/\/anciensmeteos.info\/index.php?rest_route=%2Fwp%2Fv2%2Fmedia&parent=343"}],"curies":[{"name":"wp","href":"https:\/\/api.w.org\/{rel}","templated":true}]}}