{"id":3476,"date":"2018-12-22T12:51:37","date_gmt":"2018-12-22T11:51:37","guid":{"rendered":"http:\/\/anciensmbh.cluster026.hosting.ovh.net\/?page_id=3476"},"modified":"2020-08-28T07:34:42","modified_gmt":"2020-08-28T05:34:42","slug":"previ-meteo-a-14-jours","status":"publish","type":"page","link":"https:\/\/anciensmeteos.info\/?page_id=3476","title":{"rendered":"Pr\u00e9vi M\u00e9t\u00e9o \u00e0 14 jours"},"content":{"rendered":"","protected":false},"excerpt":{"rendered":"","protected":false},"author":1,"featured_media":0,"parent":0,"menu_order":0,"comment_status":"closed","ping_status":"closed","template":"mto-new.php","meta":{"_crdt_document":"","footnotes":""},"class_list":["post-3476","page","type-page","status-publish","hentry"],"_links":{"self":[{"href":"https:\/\/anciensmeteos.info\/index.php?rest_route=\/wp\/v2\/pages\/3476","targetHints":{"allow":["GET"]}}],"collection":[{"href":"https:\/\/anciensmeteos.info\/index.php?rest_route=\/wp\/v2\/pages"}],"about":[{"href":"https:\/\/anciensmeteos.info\/index.php?rest_route=\/wp\/v2\/types\/page"}],"author":[{"embeddable":true,"href":"https:\/\/anciensmeteos.info\/index.php?rest_route=\/wp\/v2\/users\/1"}],"replies":[{"embeddable":true,"href":"https:\/\/anciensmeteos.info\/index.php?rest_route=%2Fwp%2Fv2%2Fcomments&post=3476"}],"version-history":[{"count":0,"href":"https:\/\/anciensmeteos.info\/index.php?rest_route=\/wp\/v2\/pages\/3476\/revisions"}],"wp:attachment":[{"href":"https:\/\/anciensmeteos.info\/index.php?rest_route=%2Fwp%2Fv2%2Fmedia&parent=3476"}],"curies":[{"name":"wp","href":"https:\/\/api.w.org\/{rel}","templated":true}]}}