{"id":350,"date":"2018-05-27T10:07:57","date_gmt":"2018-05-27T08:07:57","guid":{"rendered":"http:\/\/anciensmbh.cluster026.hosting.ovh.net\/?page_id=350"},"modified":"2022-05-28T18:27:03","modified_gmt":"2022-05-28T16:27:03","slug":"action-rme","status":"publish","type":"page","link":"https:\/\/anciensmeteos.info\/?page_id=350","title":{"rendered":"Action RME"},"content":{"rendered":"<p style=\"text-align: center;\"><em>Rencontre avec des \u00e9coles primaires, coll\u00e8ges et lyc\u00e9es \u00e0 la M\u00e9t\u00e9opole de Toulouse, organis\u00e9e par M\u00e9t\u00e9o-France et Espace. Cr\u00e9dit photos Christophe Ciais &#8211; M\u00e9t\u00e9o-France.<\/em><\/p>\n<p><span style=\"color: #ff9900;\"><em>Pour lire le CR de la journ\u00e9e RME un clic sur l&rsquo;image<\/em><\/span><\/p>\n<p style=\"text-align: center;\"><a href=\"https:\/\/anciensmeteos.info\/wp-content\/uploads\/2019\/06\/rme2019.pdf\" target=\"_blank\" rel=\"noopener noreferrer\">Mais qu&rsquo;est-ce donc le RME ?<\/a><\/p>\n<p style=\"text-align: center;\"><strong>RME 2022<\/strong><\/p>\n<figure style=\"width: 213px\" class=\"wp-caption aligncenter\"><a href=\"https:\/\/anciensmeteos.info\/?p=13287\"><img loading=\"lazy\" decoding=\"async\" src=\"https:\/\/anciensmeteos.info\/wp-content\/uploads\/2022\/05\/PPC_5632-300x199.jpg\" alt=\"E. Celhay pr\u00e9sentant l'AAM\" width=\"213\" height=\"141\" \/><\/a><figcaption class=\"wp-caption-text\">RME mai 2022<\/figcaption><\/figure>\n<p style=\"text-align: center;\"><strong>RME 2020<\/strong><\/p>\n<p style=\"text-align: center;\">Bref compte-rendu du RME 2020 pour cause de \u00ab\u00a0covid\u00a0\u00bb\u00a0<a href=\"https:\/\/www.anciensmeteos.info\/?p=9026\" target=\"_blank\" rel=\"noopener noreferrer\">Lire le doc &#8230;<\/a><\/p>\n<p style=\"text-align: center;\"><strong>RME 2019<\/strong><\/p>\n<figure id=\"attachment_7034\" aria-describedby=\"caption-attachment-7034\" style=\"width: 149px\" class=\"wp-caption aligncenter\"><a href=\"https:\/\/anciensmeteos.info\/wp-content\/uploads\/aec-pdf\/aec_n189\/aec_n189_ar4.pdf\" rel=\"attachment wp-att-7034\"><img loading=\"lazy\" decoding=\"async\" class=\"wp-image-7034 size-full\" src=\"https:\/\/anciensmeteos.info\/wp-content\/uploads\/2019\/10\/rme-189.jpg\" alt=\"\" width=\"149\" height=\"168\" \/><\/a><figcaption id=\"caption-attachment-7034\" class=\"wp-caption-text\">Extrait AEC n\u00b0 189<\/figcaption><\/figure>\n<p style=\"text-align: center;\"><strong>RME 2018<\/strong><\/p>\n<figure id=\"attachment_13104\" aria-describedby=\"caption-attachment-13104\" style=\"width: 194px\" class=\"wp-caption aligncenter\"><a href=\"https:\/\/anciensmeteos.info\/wp-content\/uploads\/2019\/07\/aec186-rme-2018.pdf\"><img loading=\"lazy\" decoding=\"async\" class=\"wp-image-13104\" src=\"https:\/\/anciensmeteos.info\/wp-content\/uploads\/2022\/05\/rme_2018-300x198.png\" alt=\"\" width=\"194\" height=\"128\" srcset=\"https:\/\/anciensmeteos.info\/wp-content\/uploads\/2022\/05\/rme_2018-300x198.png 300w, https:\/\/anciensmeteos.info\/wp-content\/uploads\/2022\/05\/rme_2018-768x507.png 768w, https:\/\/anciensmeteos.info\/wp-content\/uploads\/2022\/05\/rme_2018-600x396.png 600w, https:\/\/anciensmeteos.info\/wp-content\/uploads\/2022\/05\/rme_2018.png 1020w\" sizes=\"auto, (max-width: 194px) 85vw, 194px\" \/><\/a><figcaption id=\"caption-attachment-13104\" class=\"wp-caption-text\">Extrait AEC n\u00b0 186<\/figcaption><\/figure>\n<p style=\"text-align: center;\"><strong>RME 2017<\/strong><\/p>\n<figure id=\"attachment_1950\" aria-describedby=\"caption-attachment-1950\" style=\"width: 200px\" class=\"wp-caption aligncenter\"><a href=\" https:\/\/anciensmeteos.info\/wp-content\/uploads\/aec-pdf\/aec_n183\/aec_n183_ar5.pdf \"><img loading=\"lazy\" decoding=\"async\" class=\"wp-image-1950 size-full\" src=\"https:\/\/anciensmeteos.info\/wp-content\/uploads\/2018\/06\/rme2017.png\" alt=\"\" width=\"200\" height=\"135\" \/><\/a><figcaption id=\"caption-attachment-1950\" class=\"wp-caption-text\">Extrait AEC n\u00b0 183<\/figcaption><\/figure>\n<p style=\"text-align: center;\"><strong>RME 2016<\/strong><\/p>\n<figure id=\"attachment_13102\" aria-describedby=\"caption-attachment-13102\" style=\"width: 235px\" class=\"wp-caption aligncenter\"><a href=\"https:\/\/anciensmeteos.info\/wp-content\/uploads\/aec-pdf\/aec_n180\/aec_n180_ar18\"><img loading=\"lazy\" decoding=\"async\" class=\"wp-image-13102\" src=\"https:\/\/anciensmeteos.info\/wp-content\/uploads\/2022\/05\/aec_n180_ar18_page0_image-300x186.png\" alt=\"\" width=\"235\" height=\"146\" srcset=\"https:\/\/anciensmeteos.info\/wp-content\/uploads\/2022\/05\/aec_n180_ar18_page0_image-300x186.png 300w, https:\/\/anciensmeteos.info\/wp-content\/uploads\/2022\/05\/aec_n180_ar18_page0_image.png 467w\" sizes=\"auto, (max-width: 235px) 85vw, 235px\" \/><\/a><figcaption id=\"caption-attachment-13102\" class=\"wp-caption-text\">Extrait AEC n\u00b0 180<\/figcaption><\/figure>\n","protected":false},"excerpt":{"rendered":"<p>Rencontre avec des \u00e9coles primaires, coll\u00e8ges et lyc\u00e9es \u00e0 la M\u00e9t\u00e9opole de Toulouse, organis\u00e9e par M\u00e9t\u00e9o-France et Espace. Cr\u00e9dit photos Christophe Ciais &#8211; M\u00e9t\u00e9o-France. Pour lire le CR de la journ\u00e9e RME un clic sur l&rsquo;image Mais qu&rsquo;est-ce donc le RME ? RME 2022 RME 2020 Bref compte-rendu du RME 2020 pour cause de \u00ab\u00a0covid\u00a0\u00bb\u00a0Lire &hellip; <a href=\"https:\/\/anciensmeteos.info\/?page_id=350\" class=\"more-link\">Continuer la lecture<span class=\"screen-reader-text\"> de &laquo;&nbsp;Action RME&nbsp;&raquo;<\/span><\/a><\/p>\n","protected":false},"author":1,"featured_media":0,"parent":0,"menu_order":0,"comment_status":"closed","ping_status":"closed","template":"","meta":{"_crdt_document":"","footnotes":""},"class_list":["post-350","page","type-page","status-publish","hentry"],"_links":{"self":[{"href":"https:\/\/anciensmeteos.info\/index.php?rest_route=\/wp\/v2\/pages\/350","targetHints":{"allow":["GET"]}}],"collection":[{"href":"https:\/\/anciensmeteos.info\/index.php?rest_route=\/wp\/v2\/pages"}],"about":[{"href":"https:\/\/anciensmeteos.info\/index.php?rest_route=\/wp\/v2\/types\/page"}],"author":[{"embeddable":true,"href":"https:\/\/anciensmeteos.info\/index.php?rest_route=\/wp\/v2\/users\/1"}],"replies":[{"embeddable":true,"href":"https:\/\/anciensmeteos.info\/index.php?rest_route=%2Fwp%2Fv2%2Fcomments&post=350"}],"version-history":[{"count":0,"href":"https:\/\/anciensmeteos.info\/index.php?rest_route=\/wp\/v2\/pages\/350\/revisions"}],"wp:attachment":[{"href":"https:\/\/anciensmeteos.info\/index.php?rest_route=%2Fwp%2Fv2%2Fmedia&parent=350"}],"curies":[{"name":"wp","href":"https:\/\/api.w.org\/{rel}","templated":true}]}}