{"id":3897,"date":"2019-03-21T20:52:42","date_gmt":"2019-03-21T19:52:42","guid":{"rendered":"http:\/\/anciensmbh.cluster026.hosting.ovh.net\/?page_id=3897"},"modified":"2022-09-19T13:04:44","modified_gmt":"2022-09-19T11:04:44","slug":"drop-memoire","status":"publish","type":"page","link":"https:\/\/anciensmeteos.info\/?page_id=3897","title":{"rendered":"Vie centres m\u00e9t\u00e9o"},"content":{"rendered":"<p>&nbsp;<\/p>\n<p><a href=\"https:\/\/anciensmeteos.info\/?attachment_id=7144\" rel=\"attachment wp-att-7144\"><img loading=\"lazy\" decoding=\"async\" class=\"alignleft size-full wp-image-7144\" src=\"https:\/\/anciensmeteos.info\/wp-content\/uploads\/2019\/11\/onm-atlas1930.jpg\" alt=\"\" width=\"120\" height=\"150\" \/><\/a><\/p>\n<p>&nbsp;<\/p>\n<p>Atlas des postes m\u00e9t\u00e9os 1930 (source fond d&rsquo;archives de M\u00e9t\u00e9o-France)<\/p>\n<p><a href=\"https:\/\/anciensmeteos.info\/wp-content\/uploads\/2019\/11\/onm-atlas1930.pdf\" target=\"_blank\" rel=\"noopener noreferrer\">Ouvrir le document (20 Mo)<\/a><\/p>\n<p>&nbsp;<\/p>\n<figure id=\"attachment_7152\" aria-describedby=\"caption-attachment-7152\" style=\"width: 150px\" class=\"wp-caption alignleft\"><a href=\"https:\/\/anciensmeteos.info\/?attachment_id=7152\" rel=\"attachment wp-att-7152\"><img loading=\"lazy\" decoding=\"async\" class=\"wp-image-7152 size-full\" src=\"https:\/\/anciensmeteos.info\/wp-content\/uploads\/2019\/11\/cev-bretigny.jpg\" alt=\"\" width=\"150\" height=\"84\" \/><\/a><figcaption id=\"caption-attachment-7152\" class=\"wp-caption-text\">Piper PA23 AZTEC en vol<\/figcaption><\/figure>\n<p><a href=\"https:\/\/www.dropbox.com\/sh\/l0bxz6inlugtoeg\/AACWGJOID5PRVEDO5Pvu0Yjna?dl=0\" target=\"_blank\" rel=\"noopener noreferrer\">Centre d&rsquo;aviation mt\u00e9orologique<\/a><\/p>\n<p><span style=\"font-family: tahoma,arial,helvetica,sans-serif; font-size: 10pt;\"><em>Comit\u00e9 m\u00e9moire AAM<\/em><\/span><\/p>\n<p>&nbsp;<\/p>\n<p style=\"text-align: center;\"><em><strong><span style=\"font-family: tahoma,arial,helvetica,sans-serif; font-size: 14pt;\">M\u00e9moires souvenirs et vies des centres m\u00e9t\u00e9os \u2026<\/span><\/strong><\/em><\/p>\n<p><span style=\"background-color: #ffcc00;\"><em><span style=\"font-family: tahoma,arial,helvetica,sans-serif;\">Nota: pour lire le document cliquez sur l&rsquo;image !<\/span><\/em><\/span><\/p>\n<p><span style=\"font-family: tahoma,arial,helvetica,sans-serif;\">Souvenirs du CDM56 (Jean-Paul B\u00e9nec&rsquo;h &#8211; extrait de l&rsquo;AEC 179. &#8211; 6 pages)<\/span><\/p>\n<figure id=\"attachment_4992\" aria-describedby=\"caption-attachment-4992\" style=\"width: 187px\" class=\"wp-caption alignnone\"><a title=\"Souvenirs CDM56\" href=\"https:\/\/anciensmeteos.info\/wp-content\/uploads\/2019\/07\/aec179-cdm56.pdf\" target=\"_blank\" rel=\"noopener noreferrer\"><img loading=\"lazy\" decoding=\"async\" class=\"wp-image-4992 size-full\" src=\"https:\/\/anciensmeteos.info\/wp-content\/uploads\/2019\/08\/aec-cdm56-vannes.jpg\" alt=\"Extrait AEC179 - Souvenirs CDM56\" width=\"187\" height=\"197\" \/><\/a><figcaption id=\"caption-attachment-4992\" class=\"wp-caption-text\">Souvenirs CDM56<\/figcaption><\/figure>\n<p>Livre souvenirs m\u00e9moires du CDM du Finist\u00e8re (AEC sp\u00e9cial n\u00b0 1011 &#8211; 102 pages)<\/p>\n<figure id=\"attachment_4993\" aria-describedby=\"caption-attachment-4993\" style=\"width: 196px\" class=\"wp-caption alignleft\"><a title=\"Livre CDM29\" href=\"https:\/\/anciensmeteos.info\/wp-content\/uploads\/aec-pdf\/aec_1011.pdf\" target=\"_blank\" rel=\"noopener noreferrer\"><img loading=\"lazy\" decoding=\"async\" class=\"wp-image-4993 size-full\" src=\"https:\/\/anciensmeteos.info\/wp-content\/uploads\/2019\/08\/aec-cdm29-pg1.jpg\" alt=\"AEC - sp\u00e9cial n\u00b01011 CDM29\" width=\"196\" height=\"274\" \/><\/a><figcaption id=\"caption-attachment-4993\" class=\"wp-caption-text\">AEC sp\u00e9cial n\u00b0 1011 CDM29<\/figcaption><\/figure>\n<p>&nbsp;<\/p>\n<p>&nbsp;<\/p>\n<p>&nbsp;<\/p>\n<p>&nbsp;<\/p>\n<p>&nbsp;<\/p>\n<p>&nbsp;<\/p>\n<p>&nbsp;<\/p>\n<p>Souvenirs du CDM19 d\u00e9partement de la Corr\u00e8ze (Claude Nano-Ascione &#8211; 5 pages)<\/p>\n<figure id=\"attachment_7067\" aria-describedby=\"caption-attachment-7067\" style=\"width: 840px\" class=\"wp-caption alignleft\"><a title=\"Souvenirs CDM19\" href=\"https:\/\/anciensmeteos.info\/wp-content\/uploads\/2019\/11\/cdm19-aec189.pdf\" target=\"_blank\" rel=\"noopener noreferrer\"><img loading=\"lazy\" decoding=\"async\" class=\"wp-image-7067 size-large\" src=\"https:\/\/anciensmeteos.info\/wp-content\/uploads\/2019\/11\/cdm19-aec189-1-1024x315.jpg\" alt=\"\" width=\"840\" height=\"258\" srcset=\"https:\/\/anciensmeteos.info\/wp-content\/uploads\/2019\/11\/cdm19-aec189-1-1024x315.jpg 1024w, https:\/\/anciensmeteos.info\/wp-content\/uploads\/2019\/11\/cdm19-aec189-1-300x92.jpg 300w, https:\/\/anciensmeteos.info\/wp-content\/uploads\/2019\/11\/cdm19-aec189-1-768x237.jpg 768w, https:\/\/anciensmeteos.info\/wp-content\/uploads\/2019\/11\/cdm19-aec189-1-600x185.jpg 600w, https:\/\/anciensmeteos.info\/wp-content\/uploads\/2019\/11\/cdm19-aec189-1-1200x370.jpg 1200w, https:\/\/anciensmeteos.info\/wp-content\/uploads\/2019\/11\/cdm19-aec189-1.jpg 1201w\" sizes=\"auto, (max-width: 709px) 85vw, (max-width: 909px) 67vw, (max-width: 1362px) 62vw, 840px\" \/><\/a><figcaption id=\"caption-attachment-7067\" class=\"wp-caption-text\">Extrait AEC 189 &#8211; Souvenirs CDM19<\/figcaption><\/figure>\n<p>&nbsp;<\/p>\n<p>Lyon-Bron historique\u00a0<a href=\"https:\/\/www.anciensmeteos.info\/?p=8531\" target=\"_blank\" rel=\"noopener noreferrer\">Lire le doc &#8230;<\/a><\/p>\n<p>Nantes m\u00e9t\u00e9o historique\u00a0<a href=\"https:\/\/www.anciensmeteos.info\/?p=8529\" target=\"_blank\" rel=\"noopener noreferrer\">Lire le doc &#8230;<\/a><\/p>\n","protected":false},"excerpt":{"rendered":"<p>&nbsp; &nbsp; Atlas des postes m\u00e9t\u00e9os 1930 (source fond d&rsquo;archives de M\u00e9t\u00e9o-France) Ouvrir le document (20 Mo) &nbsp; Centre d&rsquo;aviation mt\u00e9orologique Comit\u00e9 m\u00e9moire AAM &nbsp; M\u00e9moires souvenirs et vies des centres m\u00e9t\u00e9os \u2026 Nota: pour lire le document cliquez sur l&rsquo;image ! Souvenirs du CDM56 (Jean-Paul B\u00e9nec&rsquo;h &#8211; extrait de l&rsquo;AEC 179. &#8211; 6 pages) &hellip; <a href=\"https:\/\/anciensmeteos.info\/?page_id=3897\" class=\"more-link\">Continuer la lecture<span class=\"screen-reader-text\"> de &laquo;&nbsp;Vie centres m\u00e9t\u00e9o&nbsp;&raquo;<\/span><\/a><\/p>\n","protected":false},"author":1,"featured_media":0,"parent":0,"menu_order":0,"comment_status":"closed","ping_status":"closed","template":"","meta":{"_crdt_document":"","footnotes":""},"class_list":["post-3897","page","type-page","status-publish","hentry"],"_links":{"self":[{"href":"https:\/\/anciensmeteos.info\/index.php?rest_route=\/wp\/v2\/pages\/3897","targetHints":{"allow":["GET"]}}],"collection":[{"href":"https:\/\/anciensmeteos.info\/index.php?rest_route=\/wp\/v2\/pages"}],"about":[{"href":"https:\/\/anciensmeteos.info\/index.php?rest_route=\/wp\/v2\/types\/page"}],"author":[{"embeddable":true,"href":"https:\/\/anciensmeteos.info\/index.php?rest_route=\/wp\/v2\/users\/1"}],"replies":[{"embeddable":true,"href":"https:\/\/anciensmeteos.info\/index.php?rest_route=%2Fwp%2Fv2%2Fcomments&post=3897"}],"version-history":[{"count":0,"href":"https:\/\/anciensmeteos.info\/index.php?rest_route=\/wp\/v2\/pages\/3897\/revisions"}],"wp:attachment":[{"href":"https:\/\/anciensmeteos.info\/index.php?rest_route=%2Fwp%2Fv2%2Fmedia&parent=3897"}],"curies":[{"name":"wp","href":"https:\/\/api.w.org\/{rel}","templated":true}]}}