{"id":4776,"date":"2019-07-22T05:17:45","date_gmt":"2019-07-22T03:17:45","guid":{"rendered":"http:\/\/anciensmbh.cluster026.hosting.ovh.net\/?page_id=4776"},"modified":"2020-08-19T16:30:55","modified_gmt":"2020-08-19T14:30:55","slug":"etre-meteo-au-bourget","status":"publish","type":"page","link":"https:\/\/anciensmeteos.info\/?page_id=4776","title":{"rendered":"Etre m\u00e9t\u00e9o au Bourget"},"content":{"rendered":"<blockquote><p>Georges Chabod \u00eatre m\u00e9t\u00e9o au Bourget (extrait AEC n\u00b0 146)<\/p><\/blockquote>\n<p><a href=\"https:\/\/anciensmeteos.info\/wp-content\/uploads\/2019\/07\/aec146-chabod.pdf\" target=\"_blank\" rel=\"noopener noreferrer\">Lire le doc<\/a><\/p>\n","protected":false},"excerpt":{"rendered":"<p>Georges Chabod \u00eatre m\u00e9t\u00e9o au Bourget (extrait AEC n\u00b0 146) Lire le doc<\/p>\n","protected":false},"author":1,"featured_media":0,"parent":0,"menu_order":0,"comment_status":"closed","ping_status":"closed","template":"","meta":{"_crdt_document":"","footnotes":""},"class_list":["post-4776","page","type-page","status-publish","hentry"],"_links":{"self":[{"href":"https:\/\/anciensmeteos.info\/index.php?rest_route=\/wp\/v2\/pages\/4776","targetHints":{"allow":["GET"]}}],"collection":[{"href":"https:\/\/anciensmeteos.info\/index.php?rest_route=\/wp\/v2\/pages"}],"about":[{"href":"https:\/\/anciensmeteos.info\/index.php?rest_route=\/wp\/v2\/types\/page"}],"author":[{"embeddable":true,"href":"https:\/\/anciensmeteos.info\/index.php?rest_route=\/wp\/v2\/users\/1"}],"replies":[{"embeddable":true,"href":"https:\/\/anciensmeteos.info\/index.php?rest_route=%2Fwp%2Fv2%2Fcomments&post=4776"}],"version-history":[{"count":0,"href":"https:\/\/anciensmeteos.info\/index.php?rest_route=\/wp\/v2\/pages\/4776\/revisions"}],"wp:attachment":[{"href":"https:\/\/anciensmeteos.info\/index.php?rest_route=%2Fwp%2Fv2%2Fmedia&parent=4776"}],"curies":[{"name":"wp","href":"https:\/\/api.w.org\/{rel}","templated":true}]}}