{"id":4899,"date":"2019-08-06T00:03:01","date_gmt":"2019-08-05T22:03:01","guid":{"rendered":"http:\/\/anciensmbh.cluster026.hosting.ovh.net\/?page_id=4899"},"modified":"2022-11-01T15:03:36","modified_gmt":"2022-11-01T14:03:36","slug":"__trashed","status":"publish","type":"page","link":"https:\/\/anciensmeteos.info\/?page_id=4899","title":{"rendered":"Archives tri\u00e9es"},"content":{"rendered":"<p>&nbsp;<\/p>\n<p><a class=\"maxbutton-93 maxbutton\" href=\"https:\/\/anciensmeteos.info\/?p=14973\"><span class='mb-text'>Tous les articles tri\u00e9s<\/span><\/a> Tous les articles tri\u00e9s<\/p>\n<p><a class=\"maxbutton-47 maxbutton maxbutton-archives-article\" target=\"_blank\" title=\"Les articles archiv\u00e9s\" rel=\"noopener\" href=\"https:\/\/anciensmeteos.info\/?page_id=6682\"><span class='mb-text'>Articles archiv\u00e9s<\/span><\/a> Articles archiv\u00e9s par ordre chronologique<\/p>\n<p><a class=\"maxbutton-46 maxbutton maxbutton-recent\" target=\"_blank\" title=\"Les articles r\u00e9cents cat\u00e9gorie actu\" rel=\"noopener\" href=\"https:\/\/anciensmeteos.info\/?page_id=6537\"><span class='mb-text'>R\u00e9cents articles<\/span><\/a> Articles r\u00e9cents<\/p>\n<p><a class=\"maxbutton-45 maxbutton maxbutton-tri-cat\" title=\"Recherche des articles par cat\u00e9gorie\" href=\"https:\/\/anciensmeteos.info\/?page_id=8771\"><span class='mb-text'>Trier articles<\/span><\/a> Articles par cat\u00e9gorie<\/p>\n<p><a class=\"maxbutton-51 maxbutton maxbutton-articles\" target=\"_blank\" title=\"Page des articles 5 maximum par page\" rel=\"noopener\" href=\"https:\/\/anciensmeteos.info\/?page_id=4893\"><span class='mb-text'>Page articles<\/span><\/a> Cinq articles par page<\/p>\n<p><a class=\"maxbutton-79 maxbutton\" title=\"Les articles du web th\u00e8me M\u00e9t\u00e9orologie Climat\" href=\"https:\/\/anciensmeteos.info\/?page_id=12405\"><span class='mb-text'>Articles du WEB<\/span><\/a> Les articles du web th\u00e8mes m\u00e9t\u00e9orologie &#8211; climat<\/p>\n<p>&nbsp;<\/p>\n<p>&nbsp;<\/p>\n<p>&nbsp;<\/p>\n<p>&nbsp;<\/p>\n","protected":false},"excerpt":{"rendered":"<p>&nbsp; Tous les articles tri\u00e9s Articles archiv\u00e9s par ordre chronologique Articles r\u00e9cents Articles par cat\u00e9gorie Cinq articles par page Les articles du web th\u00e8mes m\u00e9t\u00e9orologie &#8211; climat &nbsp; &nbsp; &nbsp; &nbsp;<\/p>\n","protected":false},"author":1,"featured_media":0,"parent":0,"menu_order":0,"comment_status":"closed","ping_status":"closed","template":"","meta":{"_crdt_document":"","footnotes":""},"class_list":["post-4899","page","type-page","status-publish","hentry"],"_links":{"self":[{"href":"https:\/\/anciensmeteos.info\/index.php?rest_route=\/wp\/v2\/pages\/4899","targetHints":{"allow":["GET"]}}],"collection":[{"href":"https:\/\/anciensmeteos.info\/index.php?rest_route=\/wp\/v2\/pages"}],"about":[{"href":"https:\/\/anciensmeteos.info\/index.php?rest_route=\/wp\/v2\/types\/page"}],"author":[{"embeddable":true,"href":"https:\/\/anciensmeteos.info\/index.php?rest_route=\/wp\/v2\/users\/1"}],"replies":[{"embeddable":true,"href":"https:\/\/anciensmeteos.info\/index.php?rest_route=%2Fwp%2Fv2%2Fcomments&post=4899"}],"version-history":[{"count":0,"href":"https:\/\/anciensmeteos.info\/index.php?rest_route=\/wp\/v2\/pages\/4899\/revisions"}],"wp:attachment":[{"href":"https:\/\/anciensmeteos.info\/index.php?rest_route=%2Fwp%2Fv2%2Fmedia&parent=4899"}],"curies":[{"name":"wp","href":"https:\/\/api.w.org\/{rel}","templated":true}]}}