{"id":6820,"date":"2019-09-19T16:30:38","date_gmt":"2019-09-19T14:30:38","guid":{"rendered":"http:\/\/anciensmbh.cluster026.hosting.ovh.net\/?page_id=6820"},"modified":"2024-12-04T22:05:15","modified_gmt":"2024-12-04T21:05:15","slug":"actualites-de-meteo-france","status":"publish","type":"page","link":"https:\/\/anciensmeteos.info\/?page_id=6820","title":{"rendered":"Informations M\u00e9t\u00e9o-France"},"content":{"rendered":"\n<hr class=\"wp-block-separator has-text-color has-alpha-channel-opacity has-background is-style-wide\" style=\"background-color:#0032c8;color:#0032c8\"\/>\n\n\n\n<p class=\"has-dark-gray-color has-text-color has-link-color wp-elements-c2680cf161fe54d2bff64210458af0d2 wp-block-paragraph\" style=\"font-size:25px\"><strong>Informations de M\u00e9t\u00e9o-France<\/strong><\/p>\n\n\n\n<p class=\"wp-block-paragraph\" style=\"font-size:18px\">Pour suivre les actualit\u00e9s de M\u00e9t\u00e9o-France, consultez la <a href=\"https:\/\/meteofrance.com\/actualites\/a-la-une\">page correspondante sur le site internet de l&rsquo;\u00e9tablissement<\/a>.<\/p>\n\n\n\n<p class=\"wp-block-paragraph\" style=\"font-size:18px\">Juillet 2023 : <a href=\"https:\/\/anciensmeteos.info\/?p=16787\">plaquette de la direction de la communication de M\u00e9t\u00e9o-France et nouvelle signature de M\u00e9t\u00e9o-France.<\/a><\/p>\n\n\n\n<hr class=\"wp-block-separator has-text-color has-alpha-channel-opacity has-background is-style-wide\" style=\"background-color:#0032c8;color:#0032c8\"\/>\n\n\n\n<p class=\"wp-block-paragraph\" style=\"font-size:25px\">Points presse de M\u00e9t\u00e9o-France<\/p>\n\n\n\n<p class=\"wp-block-paragraph\" style=\"font-size:18px\">Retrouver les points presse de M\u00e9t\u00e9o-France sur <a href=\"https:\/\/meteofrance.fr\/actualite\/presse\">la page presse du site internet de l&rsquo;\u00e9tablissement<\/a>.<br><br>Nouveau et actualit\u00e9 du moment sur cette page presse : <a href=\"https:\/\/meteofrance.fr\/actualite\/presse\/hiver-2024-2025-tout-comprendre-sur-les-phenomenes-meteorologiques-de-la-saison\">un dossier sur les ph\u00e9nom\u00e8nes m\u00e9t\u00e9orologiques de la saison hivernale<\/a>.<\/p>\n\n\n","protected":false},"excerpt":{"rendered":"<p>Informations de M\u00e9t\u00e9o-France Pour suivre les actualit\u00e9s de M\u00e9t\u00e9o-France, consultez la page correspondante sur le site internet de l&rsquo;\u00e9tablissement. Juillet 2023 : plaquette de la direction de la communication de M\u00e9t\u00e9o-France et nouvelle signature de M\u00e9t\u00e9o-France. Points presse de M\u00e9t\u00e9o-France Retrouver les points presse de M\u00e9t\u00e9o-France sur la page presse du site internet de l&rsquo;\u00e9tablissement. &hellip; <a href=\"https:\/\/anciensmeteos.info\/?page_id=6820\" class=\"more-link\">Continuer la lecture<span class=\"screen-reader-text\"> de &laquo;&nbsp;Informations M\u00e9t\u00e9o-France&nbsp;&raquo;<\/span><\/a><\/p>\n","protected":false},"author":1,"featured_media":0,"parent":0,"menu_order":0,"comment_status":"closed","ping_status":"closed","template":"","meta":{"_crdt_document":"","footnotes":""},"class_list":["post-6820","page","type-page","status-publish","hentry"],"_links":{"self":[{"href":"https:\/\/anciensmeteos.info\/index.php?rest_route=\/wp\/v2\/pages\/6820","targetHints":{"allow":["GET"]}}],"collection":[{"href":"https:\/\/anciensmeteos.info\/index.php?rest_route=\/wp\/v2\/pages"}],"about":[{"href":"https:\/\/anciensmeteos.info\/index.php?rest_route=\/wp\/v2\/types\/page"}],"author":[{"embeddable":true,"href":"https:\/\/anciensmeteos.info\/index.php?rest_route=\/wp\/v2\/users\/1"}],"replies":[{"embeddable":true,"href":"https:\/\/anciensmeteos.info\/index.php?rest_route=%2Fwp%2Fv2%2Fcomments&post=6820"}],"version-history":[{"count":3,"href":"https:\/\/anciensmeteos.info\/index.php?rest_route=\/wp\/v2\/pages\/6820\/revisions"}],"predecessor-version":[{"id":20688,"href":"https:\/\/anciensmeteos.info\/index.php?rest_route=\/wp\/v2\/pages\/6820\/revisions\/20688"}],"wp:attachment":[{"href":"https:\/\/anciensmeteos.info\/index.php?rest_route=%2Fwp%2Fv2%2Fmedia&parent=6820"}],"curies":[{"name":"wp","href":"https:\/\/api.w.org\/{rel}","templated":true}]}}